{"id":121,"date":"2025-05-22T23:04:13","date_gmt":"2025-05-22T21:04:13","guid":{"rendered":"https:\/\/www.nebenuhrsteuerung.de\/wpr\/?post_type=product&#038;p=121"},"modified":"2025-08-04T02:55:28","modified_gmt":"2025-08-04T00:55:28","slug":"suchzeiger-steuerung-suze1","status":"publish","type":"product","link":"https:\/\/www.nebenuhrsteuerung.de\/wpr\/produkt\/suchzeiger-steuerung-suze1\/","title":{"rendered":"Suchzeiger-Steuerung &#8218;SuZe1&#8216;"},"content":{"rendered":"<p><strong>Sonder-Steuerung &#8222;SuZe1&#8220; f\u00fcr Suchzeiger-Nebenuhren<\/strong><\/p>\n<p>Mit der hier angebotenen Steuerplatine k\u00f6nnen Sie eine sogenannte &#8222;Suchzeiger-Nebenuhr&#8220; sinnvoll in Ihre vorhandene Uhrenlinie integrieren.<\/p>\n<p>Somit wird der sonst ungenutzte Suchzeiger wieder zu neuem Leben erweckt.<\/p>\n<table border=\"0\">\n<tbody>\n<tr>\n<td><img loading=\"lazy\" decoding=\"async\" src=\"https:\/\/www.nebenuhrsteuerung.de\/Bilder\/SuchZeigerUhrTN_400F.jpg\" alt=\"SuchZeigerNebenuhr\" width=\"400\" height=\"300\" \/><\/td>\n<td><\/td>\n<td width=\"300\">\n<p class=\"Link_klein\"><b>Was ist eine SuchzeigerNebenUhr?<\/b><\/p>\n<p>Bei diesen Uhren wurde ein zus\u00e4tzlicher, sehr auff\u00e4lliger gro\u00dfer roter Zeiger mit Ring eingebaut (auch &#8222;Kochl\u00f6ffel&#8220; genannt).<\/p>\n<p>Dieser Zeiger konnte mit einem Steuerger\u00e4t auf eine bestimmte Position gefahren werden.<br \/>\nDanach wurde \u00fcber ein Rufsignal die Belegschaft alarmiert. Die Person, welche der Position zugeordnet war sollte sich melden (daher Suchzeiger).<\/p>\n<p>Dieser Zeiger diente nicht der Zeitanzeige und sollte nicht mit einem Sekundenzeiger verwechselt werden.<\/td>\n<\/tr>\n<\/tbody>\n<\/table>\n<p>&nbsp;<\/p>\n<p class=\"Link_klein\"><b>Integration in eine bereits vorhandene Uhrenlinie:<\/b><br \/>\n<img decoding=\"async\" src=\"https:\/\/www.nebenuhrsteuerung.de\/Bilder\/AnschlussSkizze2.JPG\" alt=\"\" border=\"0\" \/><\/p>\n<p><b>Die hier angebotene Steuerplatine unterst\u00fctzt mehrere Betriebsarten:<\/b><\/p>\n<p><b> <span style=\"color: #6699cc;\">1. Ansteuerung des Suchzeigers als &#8222;Sekundenzeiger&#8220; zur Zeitanzeige:<\/span> <\/b><br \/>\nDa mit dem Suchzeiger nur 24 Positionen angefahren werden k\u00f6nnen, gibt die Steuerung alle 2.5 Sekunden einen polwendenden Impuls an das Uhrwerk der Suchzeigeruhr. Somit entspricht ein Umlauf des roten Zeigers wieder genau einer Minute. Dabei wird die Position des &#8222;SekundenZeigers&#8220; \u00fcber einen Eingang mit der vorhandenen Uhrenlinie synchronisiert, so da\u00df der &#8222;SekundenZeiger&#8220; exakt auf die Position 0 springt, wenn auch der Minutenzeiger springt.<\/p>\n<p><b> <span style=\"color: #6699cc;\">2. Ansteuerung des Suchzeigers als &#8222;PersonenRufanlage&#8220;:<\/span> <\/b><br \/>\n\u00dcber ein Telefon mit Impulswahlverfahren, welches direkt an die Steuerplatine angeschlossen werden kann, wird die gew\u00fcnschte Position (die gew\u00fcnschte Person) angew\u00e4hlt. Die Steuerung f\u00e4hrt dann den Suchzeiger auf die gew\u00e4hlte Position und steuert f\u00fcr 2 Sekunden einen Signalausgang an, mit dem eine Glocke oder ein L\u00e4utewerk geschaltet werden kann.<\/p>\n<p><b> <span style=\"color: #6699cc;\">3. Betrieb des Suchzeigers als 24-Stunden-Anzeige:<\/span> <\/b><br \/>\nAb der aktuellen Version 1.4 kann \u00fcber ein Telefon mit Impulswahlverfahren, welches direkt an die Steuerplatine angeschlossen werden kann, die Betriebsart 24-Stunden-Anzeige aktiviert werden. Dabei werden die 24 m\u00f6glichen Positionen des Suchzeigers zur Stundenanzeige verwendet.<br \/>\nWeiterhin kann zu jeder vollen Stunde ein Stundensignal ausgegeben werden, mit welchem z.B. ein Gong angesteuert werden kann.<\/p>\n<p><b>\u00dcber weitere Steuerbefehle kann mit dem Telefon:<\/b><br \/>\n&#8211; der Alarm wiederholt werden<br \/>\n&#8211; der SuchZeiger auf der Position 0 geparkt werden<br \/>\n&#8211; die Uhr in die Betriebsart &#8222;SekundenAnzeige&#8220; geschaltet werden.<br \/>\n&#8211; die SekundenAnzeige aktiviert oder deaktiviert werden.<\/p>\n<p><b>Einige technische Hinweise \/ Kennwerte der Steuerplatine:<\/b><br \/>\n&#8211; Ma\u00dfe: 77.5 * 46 mm\u00b2, H\u00f6he ca. 25 mm<br \/>\n&#8211; Optoentkoppelter TriggerEingang f\u00fcr MinutenImpuls, w\u00e4hlbar 12V oder 24V<br \/>\n&#8211; Schaltausgang 100 mA f\u00fcr Signaleinrichtung (NPN-Transistor, zieht Signal auf Masse)<br \/>\n&#8211; Versorgungsspannung bis 30V Gleichspannung<br \/>\n&#8211; Eingang Versorgungsspannung \u00fcber Hohlbuchse (5.5\/2.1mm, plus innen) oder Schraubklemmen<br \/>\n&#8211; Ausgang zum Uhrwerk \u00fcber Schraubklemmen.<br \/>\n&#8211; 2 Bedientasten, 3 LEDs<br \/>\n&#8211; Direkter Anschlu\u00df eines Telefons mit Impulswahlverfahren zur Eingabe von Befehlen.<br \/>\n(Es werden keine sonst typischen &#8222;Sprachfunktionen&#8220; und keine Tonwahl unterst\u00fctzt.)<\/p>\n<table>\n<tbody>\n<tr>\n<td><img loading=\"lazy\" decoding=\"async\" src=\"https:\/\/www.nebenuhrsteuerung.de\/Bilder\/SuZe1_TAE_400.jpg\" alt=\"Anschluss eines Telefons \u00fcber TAE-Dose\" width=\"300\" height=\"225\" border=\"0\" \/><\/td>\n<td width=\"20\"><\/td>\n<td><img loading=\"lazy\" decoding=\"async\" src=\"https:\/\/www.nebenuhrsteuerung.de\/Bilder\/Einbau1_400.jpg\" alt=\"Einbau direkt hinter SuchZeigerNebenuhr\" width=\"300\" height=\"225\" border=\"0\" \/><\/td>\n<\/tr>\n<\/tbody>\n<\/table>\n<p class=\"Link_klein\"><b>Lieferumfang:<\/b><br \/>\n&#8211; Steuerplatine &#8222;SuZe1&#8220;<br \/>\n&#8211; 2-adriges Anschlusskabel f\u00fcr Impulswahl-Ger\u00e4t (L\u00e4nge ca. 20 cm)<br \/>\n&#8211; gedruckte <a href=\"https:\/\/www.nebenuhrsteuerung.de\/Download\/Doku-SuZe1p4.PDF\" target=\"_blank\" rel=\"noopener\">Bedienungsanleitung<\/a><\/p>\n<p><span style=\"color: #ff0000;\">Nicht im Lieferumfang enthalten sind:<\/span><br \/>\n&#8211; die abgebildete Uhr<br \/>\n&#8211; das Stecker-Netzteil<br \/>\n&#8211; TAE-Dose zum Anschlu\u00df eines Telefons<\/p>\n","protected":false},"excerpt":{"rendered":"<p>Mit der hier angebotenen Steuerplatine k\u00f6nnen Sie eine sogenannte &#8222;Suchzeiger-Nebenuhr&#8220; sinnvoll in Ihre vorhandene Uhrenlinie integrieren.<\/p>\n","protected":false},"featured_media":114,"comment_status":"open","ping_status":"closed","template":"","meta":{"ocean_post_layout":"","ocean_both_sidebars_style":"","ocean_both_sidebars_content_width":0,"ocean_both_sidebars_sidebars_width":0,"ocean_sidebar":"0","ocean_second_sidebar":"0","ocean_disable_margins":"enable","ocean_add_body_class":"","ocean_shortcode_before_top_bar":"","ocean_shortcode_after_top_bar":"","ocean_shortcode_before_header":"","ocean_shortcode_after_header":"","ocean_has_shortcode":"","ocean_shortcode_after_title":"","ocean_shortcode_before_footer_widgets":"","ocean_shortcode_after_footer_widgets":"","ocean_shortcode_before_footer_bottom":"","ocean_shortcode_after_footer_bottom":"","ocean_display_top_bar":"default","ocean_display_header":"default","ocean_header_style":"","ocean_center_header_left_menu":"0","ocean_custom_header_template":"0","ocean_custom_logo":0,"ocean_custom_retina_logo":0,"ocean_custom_logo_max_width":0,"ocean_custom_logo_tablet_max_width":0,"ocean_custom_logo_mobile_max_width":0,"ocean_custom_logo_max_height":0,"ocean_custom_logo_tablet_max_height":0,"ocean_custom_logo_mobile_max_height":0,"ocean_header_custom_menu":"0","ocean_menu_typo_font_family":"0","ocean_menu_typo_font_subset":"","ocean_menu_typo_font_size":0,"ocean_menu_typo_font_size_tablet":0,"ocean_menu_typo_font_size_mobile":0,"ocean_menu_typo_font_size_unit":"px","ocean_menu_typo_font_weight":"","ocean_menu_typo_font_weight_tablet":"","ocean_menu_typo_font_weight_mobile":"","ocean_menu_typo_transform":"","ocean_menu_typo_transform_tablet":"","ocean_menu_typo_transform_mobile":"","ocean_menu_typo_line_height":0,"ocean_menu_typo_line_height_tablet":0,"ocean_menu_typo_line_height_mobile":0,"ocean_menu_typo_line_height_unit":"","ocean_menu_typo_spacing":0,"ocean_menu_typo_spacing_tablet":0,"ocean_menu_typo_spacing_mobile":0,"ocean_menu_typo_spacing_unit":"","ocean_menu_link_color":"","ocean_menu_link_color_hover":"","ocean_menu_link_color_active":"","ocean_menu_link_background":"","ocean_menu_link_hover_background":"","ocean_menu_link_active_background":"","ocean_menu_social_links_bg":"","ocean_menu_social_hover_links_bg":"","ocean_menu_social_links_color":"","ocean_menu_social_hover_links_color":"","ocean_disable_title":"default","ocean_disable_heading":"default","ocean_post_title":"","ocean_post_subheading":"","ocean_post_title_style":"","ocean_post_title_background_color":"","ocean_post_title_background":0,"ocean_post_title_bg_image_position":"","ocean_post_title_bg_image_attachment":"","ocean_post_title_bg_image_repeat":"","ocean_post_title_bg_image_size":"","ocean_post_title_height":0,"ocean_post_title_bg_overlay":0.5,"ocean_post_title_bg_overlay_color":"","ocean_disable_breadcrumbs":"default","ocean_breadcrumbs_color":"","ocean_breadcrumbs_separator_color":"","ocean_breadcrumbs_links_color":"","ocean_breadcrumbs_links_hover_color":"","ocean_display_footer_widgets":"default","ocean_display_footer_bottom":"default","ocean_custom_footer_template":"0","osh_disable_topbar_sticky":"default","osh_disable_header_sticky":"default","osh_sticky_header_style":"default","osh_sticky_header_effect":"","osh_custom_sticky_logo":0,"osh_custom_retina_sticky_logo":0,"osh_custom_sticky_logo_height":0,"osh_background_color":"","osh_links_color":"","osh_links_hover_color":"","osh_links_active_color":"","osh_links_bg_color":"","osh_links_hover_bg_color":"","osh_links_active_bg_color":"","osh_menu_social_links_color":"","osh_menu_social_hover_links_color":""},"product_brand":[],"product_cat":[130,131,20],"product_tag":[34],"class_list":{"0":"post-121","1":"product","2":"type-product","3":"status-publish","4":"has-post-thumbnail","6":"product_cat-konverter","7":"product_cat-sondersteuerungen","8":"product_cat-steuerung-zum-betrieb-mit-netzteil","9":"product_tag-suchzeiger","11":"entry","12":"has-media","14":"first","15":"instock","16":"taxable","17":"shipping-taxable","18":"purchasable","19":"product-type-simple","20":"has-product-nav","21":"col","22":"span_1_of_4","23":"owp-content-right","24":"owp-thumbs-layout-horizontal","25":"owp-btn-normal","26":"owp-tabs-layout-horizontal","27":"has-no-thumbnails"},"_links":{"self":[{"href":"https:\/\/www.nebenuhrsteuerung.de\/wpr\/wp-json\/wp\/v2\/product\/121","targetHints":{"allow":["GET"]}}],"collection":[{"href":"https:\/\/www.nebenuhrsteuerung.de\/wpr\/wp-json\/wp\/v2\/product"}],"about":[{"href":"https:\/\/www.nebenuhrsteuerung.de\/wpr\/wp-json\/wp\/v2\/types\/product"}],"replies":[{"embeddable":true,"href":"https:\/\/www.nebenuhrsteuerung.de\/wpr\/wp-json\/wp\/v2\/comments?post=121"}],"wp:featuredmedia":[{"embeddable":true,"href":"https:\/\/www.nebenuhrsteuerung.de\/wpr\/wp-json\/wp\/v2\/media\/114"}],"wp:attachment":[{"href":"https:\/\/www.nebenuhrsteuerung.de\/wpr\/wp-json\/wp\/v2\/media?parent=121"}],"wp:term":[{"taxonomy":"product_brand","embeddable":true,"href":"https:\/\/www.nebenuhrsteuerung.de\/wpr\/wp-json\/wp\/v2\/product_brand?post=121"},{"taxonomy":"product_cat","embeddable":true,"href":"https:\/\/www.nebenuhrsteuerung.de\/wpr\/wp-json\/wp\/v2\/product_cat?post=121"},{"taxonomy":"product_tag","embeddable":true,"href":"https:\/\/www.nebenuhrsteuerung.de\/wpr\/wp-json\/wp\/v2\/product_tag?post=121"}],"curies":[{"name":"wp","href":"https:\/\/api.w.org\/{rel}","templated":true}]}}