{"id":162,"date":"2025-05-25T14:12:33","date_gmt":"2025-05-25T12:12:33","guid":{"rendered":"https:\/\/www.nebenuhrsteuerung.de\/wpr\/?post_type=product&#038;p=162"},"modified":"2025-08-04T00:45:25","modified_gmt":"2025-08-03T22:45:25","slug":"tesa-powerstrips-large","status":"publish","type":"product","link":"https:\/\/www.nebenuhrsteuerung.de\/wpr\/produkt\/tesa-powerstrips-large\/","title":{"rendered":"tesa Powerstrips\u00ae LARGE"},"content":{"rendered":"<p>Die gro\u00dfen tesa Powerstrips\u00ae eignen sich hervorragend<br \/>\nzur Befestigung der Batterief\u00e4cher hinter dem Zifferblatt.<\/p>\n<p>Sie haben eine Haltekraft von bis zu 2 kg und lassen sich<br \/>\nbei Bedarf wieder r\u00fcckstandslos von glatten Oberfl\u00e4chen<br \/>\nentfernen. Eine schnelle und saubere L\u00f6sung, ohne dass<br \/>\nman L\u00f6cher in der Uhr bohren muss.<\/p>\n<p>Diese Klebestreifen sind vielseitig einsetzbar, deshalb<br \/>\nbiete ich hier eine komplette Packung mit 10 Streifen an.<\/p>\n<p>Beschreibung:<br \/>\n&#8211; 1 Packung tesa Powerstrips\u00ae LARGE<br \/>\n&#8211; 10 Klebestreifen, Haltekraft max. 2 kg<br \/>\n&#8211; Nicht geeignet f\u00fcr por\u00f6se Materialen oder antihaft-beschichtete Oberfl\u00e4chen.<br \/>\n&#8211; spurlos abl\u00f6sbar von glatten, festen Untergr\u00fcnden<\/p>\n<p><a href=\"https:\/\/www.tesa.com\/de-de\/buero-und-zuhause\/tesa-powerstrips-large.html\" target=\"_blank\" rel=\"noopener\"> Produktbeschreibung des Herstellers<\/a><\/p>\n","protected":false},"excerpt":{"rendered":"<p>Eine Packung tesa Powerstrips\u00ae LARGE mit 10 Klebestreifen, Haltekraft max. 2 kg<\/p>\n","protected":false},"featured_media":217,"comment_status":"open","ping_status":"closed","template":"","meta":{"ocean_post_layout":"","ocean_both_sidebars_style":"","ocean_both_sidebars_content_width":0,"ocean_both_sidebars_sidebars_width":0,"ocean_sidebar":"0","ocean_second_sidebar":"0","ocean_disable_margins":"enable","ocean_add_body_class":"","ocean_shortcode_before_top_bar":"","ocean_shortcode_after_top_bar":"","ocean_shortcode_before_header":"","ocean_shortcode_after_header":"","ocean_has_shortcode":"","ocean_shortcode_after_title":"","ocean_shortcode_before_footer_widgets":"","ocean_shortcode_after_footer_widgets":"","ocean_shortcode_before_footer_bottom":"","ocean_shortcode_after_footer_bottom":"","ocean_display_top_bar":"default","ocean_display_header":"default","ocean_header_style":"","ocean_center_header_left_menu":"0","ocean_custom_header_template":"0","ocean_custom_logo":0,"ocean_custom_retina_logo":0,"ocean_custom_logo_max_width":0,"ocean_custom_logo_tablet_max_width":0,"ocean_custom_logo_mobile_max_width":0,"ocean_custom_logo_max_height":0,"ocean_custom_logo_tablet_max_height":0,"ocean_custom_logo_mobile_max_height":0,"ocean_header_custom_menu":"0","ocean_menu_typo_font_family":"0","ocean_menu_typo_font_subset":"","ocean_menu_typo_font_size":0,"ocean_menu_typo_font_size_tablet":0,"ocean_menu_typo_font_size_mobile":0,"ocean_menu_typo_font_size_unit":"px","ocean_menu_typo_font_weight":"","ocean_menu_typo_font_weight_tablet":"","ocean_menu_typo_font_weight_mobile":"","ocean_menu_typo_transform":"","ocean_menu_typo_transform_tablet":"","ocean_menu_typo_transform_mobile":"","ocean_menu_typo_line_height":0,"ocean_menu_typo_line_height_tablet":0,"ocean_menu_typo_line_height_mobile":0,"ocean_menu_typo_line_height_unit":"","ocean_menu_typo_spacing":0,"ocean_menu_typo_spacing_tablet":0,"ocean_menu_typo_spacing_mobile":0,"ocean_menu_typo_spacing_unit":"","ocean_menu_link_color":"","ocean_menu_link_color_hover":"","ocean_menu_link_color_active":"","ocean_menu_link_background":"","ocean_menu_link_hover_background":"","ocean_menu_link_active_background":"","ocean_menu_social_links_bg":"","ocean_menu_social_hover_links_bg":"","ocean_menu_social_links_color":"","ocean_menu_social_hover_links_color":"","ocean_disable_title":"default","ocean_disable_heading":"default","ocean_post_title":"","ocean_post_subheading":"","ocean_post_title_style":"","ocean_post_title_background_color":"","ocean_post_title_background":0,"ocean_post_title_bg_image_position":"","ocean_post_title_bg_image_attachment":"","ocean_post_title_bg_image_repeat":"","ocean_post_title_bg_image_size":"","ocean_post_title_height":0,"ocean_post_title_bg_overlay":0.5,"ocean_post_title_bg_overlay_color":"","ocean_disable_breadcrumbs":"default","ocean_breadcrumbs_color":"","ocean_breadcrumbs_separator_color":"","ocean_breadcrumbs_links_color":"","ocean_breadcrumbs_links_hover_color":"","ocean_display_footer_widgets":"default","ocean_display_footer_bottom":"default","ocean_custom_footer_template":"0","osh_disable_topbar_sticky":"default","osh_disable_header_sticky":"default","osh_sticky_header_style":"default","osh_sticky_header_effect":"","osh_custom_sticky_logo":0,"osh_custom_retina_sticky_logo":0,"osh_custom_sticky_logo_height":0,"osh_background_color":"","osh_links_color":"","osh_links_hover_color":"","osh_links_active_color":"","osh_links_bg_color":"","osh_links_hover_bg_color":"","osh_links_active_bg_color":"","osh_menu_social_links_color":"","osh_menu_social_hover_links_color":""},"product_brand":[],"product_cat":[118],"product_tag":[150],"class_list":{"0":"post-162","1":"product","2":"type-product","3":"status-publish","4":"has-post-thumbnail","6":"product_cat-montagematerial","7":"product_tag-klebestreifen","9":"entry","10":"has-media","12":"first","13":"instock","14":"featured","15":"taxable","16":"shipping-taxable","17":"purchasable","18":"product-type-simple","19":"has-product-nav","20":"col","21":"span_1_of_4","22":"owp-content-right","23":"owp-thumbs-layout-horizontal","24":"owp-btn-normal","25":"owp-tabs-layout-horizontal","26":"has-no-thumbnails"},"_links":{"self":[{"href":"https:\/\/www.nebenuhrsteuerung.de\/wpr\/wp-json\/wp\/v2\/product\/162","targetHints":{"allow":["GET"]}}],"collection":[{"href":"https:\/\/www.nebenuhrsteuerung.de\/wpr\/wp-json\/wp\/v2\/product"}],"about":[{"href":"https:\/\/www.nebenuhrsteuerung.de\/wpr\/wp-json\/wp\/v2\/types\/product"}],"replies":[{"embeddable":true,"href":"https:\/\/www.nebenuhrsteuerung.de\/wpr\/wp-json\/wp\/v2\/comments?post=162"}],"wp:featuredmedia":[{"embeddable":true,"href":"https:\/\/www.nebenuhrsteuerung.de\/wpr\/wp-json\/wp\/v2\/media\/217"}],"wp:attachment":[{"href":"https:\/\/www.nebenuhrsteuerung.de\/wpr\/wp-json\/wp\/v2\/media?parent=162"}],"wp:term":[{"taxonomy":"product_brand","embeddable":true,"href":"https:\/\/www.nebenuhrsteuerung.de\/wpr\/wp-json\/wp\/v2\/product_brand?post=162"},{"taxonomy":"product_cat","embeddable":true,"href":"https:\/\/www.nebenuhrsteuerung.de\/wpr\/wp-json\/wp\/v2\/product_cat?post=162"},{"taxonomy":"product_tag","embeddable":true,"href":"https:\/\/www.nebenuhrsteuerung.de\/wpr\/wp-json\/wp\/v2\/product_tag?post=162"}],"curies":[{"name":"wp","href":"https:\/\/api.w.org\/{rel}","templated":true}]}}