{"id":236,"date":"2025-05-28T10:46:08","date_gmt":"2025-05-28T08:46:08","guid":{"rendered":"https:\/\/www.nebenuhrsteuerung.de\/wpr\/?post_type=product&#038;p=236"},"modified":"2026-04-11T19:23:40","modified_gmt":"2026-04-11T17:23:40","slug":"dcf-im-rohrgehaeuse","status":"publish","type":"product","link":"https:\/\/www.nebenuhrsteuerung.de\/wpr\/produkt\/dcf-im-rohrgehaeuse\/","title":{"rendered":"DCF im Rohrgeh\u00e4use"},"content":{"rendered":"<p>DCF-Rohrgeh\u00e4use mit Kabelverschraubungen<\/p>\n<p>Falls die Uhr ein geschlossenes Metallgeh\u00e4use hat, ist im Inneren kein DCF-Empfang m\u00f6glich. Dann sollten Sie den DCF-Empf\u00e4nger au\u00dferhalb der Uhr montieren. Ist die Uhr beleuchtet (Ziffernblatt aus Glas) oder ist die Uhr hinten offen, ist in der Regel DCF-Empfang innerhalb der Uhr m\u00f6glich.<\/p>\n<p>Sie k\u00f6nnen das Rohrgeh\u00e4use als Aufpreis in Verbindung mit einer Neubestellung von Nus5.x, Nus6.x oder Nus8.x oder als Ersatzteil f\u00fcr vorhandene Steuerungen (Nus6.x oder Nus8.x) bestellen.<\/p>\n<p><strong>Dieses Produkt passt nicht f\u00fcr die Steuerung Nus6.0, hier ist keine DCF-Funktion m\u00f6glich.<\/strong><\/p>\n<ul>\n<li>Rohr-Durchmesser 20 mm bzw. 25 mm (Rohrkappen)<\/li>\n<li>Gesamtl\u00e4nge ca. 120 mm (mit Kabelverschraubung)<\/li>\n<li>Anschlusskabel mit zweiter KabelVerschraubung (M12)<\/li>\n<li>Standard-DCF-Anschluss-Stecker, 3-polig<\/li>\n<li>inkl. Rohrschelle zur Befestigung<\/li>\n<li>einfache horizontale Ausrichtung durch Rohrschelle<\/li>\n<\/ul>\n<p>Eine direkte Sonnenbestrahlung sollte vermieden werden.<\/p>\n<p>&nbsp;<\/p>\n","protected":false},"excerpt":{"rendered":"<p>* Schutzgeh\u00e4use f\u00fcr DCF-Empf\u00e4nger<br \/>\n* einfache Montage und Ausrichtung \u00fcber Rohrklemme<br \/>\n* hohe Schutzart \u00fcber Kabelverschraubungen<\/p>\n","protected":false},"featured_media":3294,"comment_status":"open","ping_status":"closed","template":"","meta":{"ocean_post_layout":"","ocean_both_sidebars_style":"","ocean_both_sidebars_content_width":0,"ocean_both_sidebars_sidebars_width":0,"ocean_sidebar":"0","ocean_second_sidebar":"0","ocean_disable_margins":"enable","ocean_add_body_class":"","ocean_shortcode_before_top_bar":"","ocean_shortcode_after_top_bar":"","ocean_shortcode_before_header":"","ocean_shortcode_after_header":"","ocean_has_shortcode":"","ocean_shortcode_after_title":"","ocean_shortcode_before_footer_widgets":"","ocean_shortcode_after_footer_widgets":"","ocean_shortcode_before_footer_bottom":"","ocean_shortcode_after_footer_bottom":"","ocean_display_top_bar":"default","ocean_display_header":"default","ocean_header_style":"","ocean_center_header_left_menu":"0","ocean_custom_header_template":"0","ocean_custom_logo":0,"ocean_custom_retina_logo":0,"ocean_custom_logo_max_width":0,"ocean_custom_logo_tablet_max_width":0,"ocean_custom_logo_mobile_max_width":0,"ocean_custom_logo_max_height":0,"ocean_custom_logo_tablet_max_height":0,"ocean_custom_logo_mobile_max_height":0,"ocean_header_custom_menu":"0","ocean_menu_typo_font_family":"0","ocean_menu_typo_font_subset":"","ocean_menu_typo_font_size":0,"ocean_menu_typo_font_size_tablet":0,"ocean_menu_typo_font_size_mobile":0,"ocean_menu_typo_font_size_unit":"px","ocean_menu_typo_font_weight":"","ocean_menu_typo_font_weight_tablet":"","ocean_menu_typo_font_weight_mobile":"","ocean_menu_typo_transform":"","ocean_menu_typo_transform_tablet":"","ocean_menu_typo_transform_mobile":"","ocean_menu_typo_line_height":0,"ocean_menu_typo_line_height_tablet":0,"ocean_menu_typo_line_height_mobile":0,"ocean_menu_typo_line_height_unit":"","ocean_menu_typo_spacing":0,"ocean_menu_typo_spacing_tablet":0,"ocean_menu_typo_spacing_mobile":0,"ocean_menu_typo_spacing_unit":"","ocean_menu_link_color":"","ocean_menu_link_color_hover":"","ocean_menu_link_color_active":"","ocean_menu_link_background":"","ocean_menu_link_hover_background":"","ocean_menu_link_active_background":"","ocean_menu_social_links_bg":"","ocean_menu_social_hover_links_bg":"","ocean_menu_social_links_color":"","ocean_menu_social_hover_links_color":"","ocean_disable_title":"default","ocean_disable_heading":"default","ocean_post_title":"","ocean_post_subheading":"","ocean_post_title_style":"","ocean_post_title_background_color":"","ocean_post_title_background":0,"ocean_post_title_bg_image_position":"","ocean_post_title_bg_image_attachment":"","ocean_post_title_bg_image_repeat":"","ocean_post_title_bg_image_size":"","ocean_post_title_height":0,"ocean_post_title_bg_overlay":0.5,"ocean_post_title_bg_overlay_color":"","ocean_disable_breadcrumbs":"default","ocean_breadcrumbs_color":"","ocean_breadcrumbs_separator_color":"","ocean_breadcrumbs_links_color":"","ocean_breadcrumbs_links_hover_color":"","ocean_display_footer_widgets":"default","ocean_display_footer_bottom":"default","ocean_custom_footer_template":"0","osh_disable_topbar_sticky":"default","osh_disable_header_sticky":"default","osh_sticky_header_style":"default","osh_sticky_header_effect":"","osh_custom_sticky_logo":0,"osh_custom_retina_sticky_logo":0,"osh_custom_sticky_logo_height":0,"osh_background_color":"","osh_links_color":"","osh_links_hover_color":"","osh_links_active_color":"","osh_links_bg_color":"","osh_links_hover_bg_color":"","osh_links_active_bg_color":"","osh_menu_social_links_color":"","osh_menu_social_hover_links_color":""},"product_brand":[],"product_cat":[154,33,39],"product_tag":[24,144,40],"class_list":{"0":"post-236","1":"product","2":"type-product","3":"status-publish","4":"has-post-thumbnail","6":"product_cat-dcf-empfaenger","7":"product_cat-gehaeuse","8":"product_cat-kabel","9":"product_tag-dcf","10":"product_tag-kabel","11":"product_tag-rohrgehaeuse","13":"entry","14":"has-media","16":"first","17":"instock","18":"featured","19":"taxable","20":"shipping-taxable","21":"purchasable","22":"product-type-variable","23":"has-product-nav","24":"col","25":"span_1_of_4","26":"owp-content-right","27":"owp-thumbs-layout-horizontal","28":"owp-btn-normal","29":"owp-tabs-layout-horizontal"},"_links":{"self":[{"href":"https:\/\/www.nebenuhrsteuerung.de\/wpr\/wp-json\/wp\/v2\/product\/236","targetHints":{"allow":["GET"]}}],"collection":[{"href":"https:\/\/www.nebenuhrsteuerung.de\/wpr\/wp-json\/wp\/v2\/product"}],"about":[{"href":"https:\/\/www.nebenuhrsteuerung.de\/wpr\/wp-json\/wp\/v2\/types\/product"}],"replies":[{"embeddable":true,"href":"https:\/\/www.nebenuhrsteuerung.de\/wpr\/wp-json\/wp\/v2\/comments?post=236"}],"wp:featuredmedia":[{"embeddable":true,"href":"https:\/\/www.nebenuhrsteuerung.de\/wpr\/wp-json\/wp\/v2\/media\/3294"}],"wp:attachment":[{"href":"https:\/\/www.nebenuhrsteuerung.de\/wpr\/wp-json\/wp\/v2\/media?parent=236"}],"wp:term":[{"taxonomy":"product_brand","embeddable":true,"href":"https:\/\/www.nebenuhrsteuerung.de\/wpr\/wp-json\/wp\/v2\/product_brand?post=236"},{"taxonomy":"product_cat","embeddable":true,"href":"https:\/\/www.nebenuhrsteuerung.de\/wpr\/wp-json\/wp\/v2\/product_cat?post=236"},{"taxonomy":"product_tag","embeddable":true,"href":"https:\/\/www.nebenuhrsteuerung.de\/wpr\/wp-json\/wp\/v2\/product_tag?post=236"}],"curies":[{"name":"wp","href":"https:\/\/api.w.org\/{rel}","templated":true}]}}